{"id":75,"date":"2022-09-16T16:29:33","date_gmt":"2022-09-16T16:29:33","guid":{"rendered":"https:\/\/lap-office.de\/?page_id=75"},"modified":"2025-03-19T15:27:40","modified_gmt":"2025-03-19T15:27:40","slug":"imressum","status":"publish","type":"page","link":"https:\/\/lap-real-estate.de\/?page_id=75","title":{"rendered":"Impressum"},"content":{"rendered":"\n<p class=\"has-text-align-center has-text-color has-x-large-font-size\" style=\"color:#0000ff\"><strong>IMPRESSUM<\/strong><\/p>\n\n\n\n<p class=\"has-text-align-center\">&#8222;Dienstanbieter&#8220; i. S. d. \u00a7 5 Digitale-Dienste-Gesetz (DDG) ist:<\/p>\n\n\n\n<p class=\"has-text-align-center\"><strong>LIVIU ANDREI-PLATON<\/strong><\/p>\n\n\n\n<p class=\"has-text-align-center\"><strong>LAP real estate<\/strong><\/p>\n\n\n\n<p class=\"has-text-align-center\"><strong>Am Schillerplatz 10<\/strong><\/p>\n\n\n\n<p class=\"has-text-align-center\"><strong>31084 Freden (Leine)<\/strong><\/p>\n\n\n\n<p class=\"has-text-align-center\"><strong>Deutschland<\/strong><\/p>\n\n\n\n<p class=\"has-text-align-center\"><strong>Telefon: +49 178 4189722<\/strong><\/p>\n\n\n\n<p class=\"has-text-align-center\"><strong>Web: <a href=\"http:\/\/www.lap-real-estate.de\/\">www.lap-real-estate.de<\/a><\/strong><\/p>\n\n\n\n<p class=\"has-text-align-center\"><strong>E-Mail: Bitte klicken Sie&nbsp;<a href=\"https:\/\/lap-real-estate.de\/wp-content\/uploads\/2022\/09\/LAP-real-estate_E-Mail.pdf\" data-type=\"attachment\" data-id=\"451\" target=\"_blank\" rel=\"noreferrer noopener\">hier<\/a>.<\/strong><\/p>\n\n\n\n<p class=\"has-text-align-center\">USt.-Id.Nr. gem. \u00a7 27 a UStG:<\/p>\n\n\n\n<p class=\"has-text-align-center\">DE291571262.<\/p>\n\n\n\n<p class=\"has-text-align-center has-text-color\" style=\"color:#0000ff\"><strong>_______<\/strong><\/p>\n\n\n\n<p class=\"has-text-align-center\">Die Berufsbezeichnung lautet:<\/p>\n\n\n\n<p class=\"has-text-align-center\">Immobilienmakler<\/p>\n\n\n\n<p class=\"has-text-align-center\">(IHK),<\/p>\n\n\n\n<p class=\"has-text-align-center\">verliehen durch<\/p>\n\n\n\n<p class=\"has-text-align-center\">IHK-Bildungszentrum Dresden gGmbH.<\/p>\n\n\n\n<p class=\"has-text-align-center has-text-color\" style=\"color:#0000ff\"><strong>_______<\/strong><\/p>\n\n\n\n<p class=\"has-text-align-center\">Auf unserer Website stellen wir Immobilienangebote ein,<\/p>\n\n\n\n<p class=\"has-text-align-center\">die wir zum Zwecke der Verkaufs- und\/oder Vermietungsvermittlung dieser Immobilien<\/p>\n\n\n\n<p class=\"has-text-align-center\">\u00f6ffentlich zug\u00e4ngig machen.<\/p>\n\n\n\n<p class=\"has-text-align-center has-text-color\" style=\"color:#0000ff\"><strong>_______<\/strong><\/p>\n\n\n\n<p class=\"has-text-align-center\">Die Erlaubnis nach \u00a7 34 c Abs. 1 S. 1 Nr. 1 und 2 GewO wurde erteilt durch:<\/p>\n\n\n\n<p class=\"has-text-align-center\">Stadt Leipzig<\/p>\n\n\n\n<p class=\"has-text-align-center\">Gewerbebeh\u00f6rde<\/p>\n\n\n\n<p class=\"has-text-align-center\">Technisches Rathaus<\/p>\n\n\n\n<p class=\"has-text-align-center\">Haus A<\/p>\n\n\n\n<p class=\"has-text-align-center\">Prager Str. 118-136<\/p>\n\n\n\n<p class=\"has-text-align-center\">04317 Leipzig<\/p>\n\n\n\n<p class=\"has-text-align-center\">Telefon: +49 341 1238977<\/p>\n\n\n\n<p class=\"has-text-align-center\"><strong>Web: <a href=\"https:\/\/www.leipzig.de\/gewerbe\" target=\"_blank\" rel=\"noreferrer noopener\">www.leipzig.de\/gewerbe<\/a><\/strong><\/p>\n\n\n\n<p class=\"has-text-align-center\"><strong>E-Mail: <a href=\"mailto:gewerbebehoerde@leipzig.de\" target=\"_blank\" rel=\"noreferrer noopener\">gewerbebehoerde@leipzig.de<\/a>.<\/strong><\/p>\n\n\n\n<p class=\"has-text-align-center has-text-color\" style=\"color:#0000ff\"><strong>_______<\/strong><\/p>\n\n\n\n<p class=\"has-text-align-center\">Die zust\u00e4ndige Aufsichtsbeh\u00f6rde gem. \u00a7 34 c Abs. 1 S. 1 Nr. 1 und 2 GewO ist:<\/p>\n\n\n\n<p class=\"has-text-align-center\">Industrie- und Handelskammer (IHK) Hannover<\/p>\n\n\n\n<p class=\"has-text-align-center\">Bischofsholer Damm 91<\/p>\n\n\n\n<p class=\"has-text-align-center\">30173 Hannover<\/p>\n\n\n\n<p class=\"has-text-align-center\">Telefon: +49 511 3107-0<\/p>\n\n\n\n<p class=\"has-text-align-center\"><strong>Web: <a href=\"https:\/\/www.hannover.ihk.de\/\" target=\"_blank\" rel=\"noreferrer noopener\">www.hannover.ihk.de<\/a><\/strong><\/p>\n\n\n\n<p class=\"has-text-align-center\"><strong>E-Mail: <a href=\"mailto:info@hannover.ihk.de\" target=\"_blank\" rel=\"noreferrer noopener\">info@hannover.ihk.de<\/a><\/strong><\/p>\n\n\n\n<p class=\"has-text-align-center has-text-color\" style=\"color:#0000ff\"><strong>_______<\/strong><\/p>\n\n\n\n<p class=\"has-text-align-center\">Die Europ\u00e4ische Kommission stellt gem. der Verordnung (EU) Nr. 524\/2013<\/p>\n\n\n\n<p class=\"has-text-align-center\">unter <strong><a href=\"https:\/\/ec.europa.eu\/consumers\/odr\" target=\"_blank\" rel=\"noreferrer noopener\">https:\/\/ec.europa.eu\/consumers\/odr<\/a><\/strong> eine Plattform zur Online-Streitbeilegung (OS) bereit.<\/p>\n\n\n\n<p class=\"has-text-align-center\">Verbraucher haben die M\u00f6glichkeit, diese Plattform f\u00fcr die Beilegung ihrer Streitigkeiten zu nutzen.<\/p>\n\n\n\n<p class=\"has-text-align-center\">Wir sind nicht bereit und nicht verpflichtet, an einem Streitbeilegungsverfahren<\/p>\n\n\n\n<p class=\"has-text-align-center\">vor einer Verbraucherschlichtungsstelle teilzunehmen.<\/p>\n\n\n\n<p class=\"has-text-align-center has-text-color\" style=\"color:#0000ff\"><strong>_______<\/strong><\/p>\n\n\n\n<p class=\"has-text-align-center\">Konzeption, Design und Realisierung der Website sind erfolgt durch:<\/p>\n\n\n\n<p class=\"has-text-align-center\"><strong>LIVIU ANDREI-PLATON<\/strong><\/p>\n\n\n\n<p class=\"has-text-align-center\"><strong>LAP it<\/strong><\/p>\n\n\n\n<p class=\"has-text-align-center\"><strong>Am Schillerplatz 10<\/strong><\/p>\n\n\n\n<p class=\"has-text-align-center\"><strong>31084 Freden (Leine)<\/strong><\/p>\n\n\n\n<p class=\"has-text-align-center\"><strong>Deutschland<\/strong><\/p>\n\n\n\n<p class=\"has-text-align-center\"><strong>Telefon: +49 178 4189722<\/strong><\/p>\n\n\n\n<p class=\"has-text-align-center\"><strong>Web: <a href=\"https:\/\/www.lap-it.de\/\" target=\"_blank\" rel=\"noreferrer noopener\">www.lap-it.de<\/a><\/strong><\/p>\n\n\n\n<p class=\"has-text-align-center\"><strong>E-Mail: Bitte klicken Sie&nbsp;<a href=\"https:\/\/lap-it.de\/wp-content\/uploads\/2022\/09\/LAP-it_E-Mail.pdf\" target=\"_blank\" rel=\"noreferrer noopener\">hier<\/a>.<\/strong><\/p>\n\n\n\n<p class=\"has-text-align-center has-text-color\" style=\"color:#0000ff\"><strong>_______<\/strong><\/p>\n\n\n\n<p class=\"has-text-align-center\">Die Inhalte dieser Website wurden mit gr\u00f6\u00dfter Sorgfalt erstellt,<\/p>\n\n\n\n<p class=\"has-text-align-center\">f\u00fcr die Richtigkeit, Vollst\u00e4ndigkeit und Aktualit\u00e4t der Inhalte<\/p>\n\n\n\n<p class=\"has-text-align-center\">kann jedoch keine Gew\u00e4hr \u00fcbernommen werden.<\/p>\n\n\n\n<p class=\"has-text-align-center\">Dasselbe gilt auch f\u00fcr Inhalte von verlinkten Websiten Dritter,<\/p>\n\n\n\n<p class=\"has-text-align-center\">f\u00fcr die der Anbieter und\/oder Betreiber der jeweiligen Seite verantwortlich ist.<\/p>\n\n\n\n<p class=\"has-text-align-center\">Eine sorgf\u00e4ltige \u00dcberpr\u00fcfung auf m\u00f6gliche Rechtsverst\u00f6\u00dfe<\/p>\n\n\n\n<p class=\"has-text-align-center\">wurde im Zeitpunkt der Verlinkung vorgenommen,<\/p>\n\n\n\n<p class=\"has-text-align-center\">eine \u00dcberpr\u00fcfung kann jedoch ohne konkrete Anhaltspunkte nicht permanent erfolgen.<\/p>\n\n\n\n<p class=\"has-text-align-center\">Werden dagegen Rechtsverletzungen bekannt, so werden diese Links umgehend entfernt.<\/p>\n\n\n\n<p class=\"has-text-align-center has-text-color\" style=\"color:#0000ff\"><strong>_______<\/strong><\/p>\n\n\n\n<p class=\"has-text-align-center\">Das auf die Maklervertr\u00e4ge mit uns anwendbare Recht<\/p>\n\n\n\n<p class=\"has-text-align-center\">ist das deutsche Recht.<\/p>\n\n\n\n<p class=\"has-text-align-center has-text-color\" style=\"color:#0000ff\"><strong>_______<\/strong><\/p>\n\n\n\n<p class=\"has-text-align-center\">Der Gerichtsstand f\u00fcr Streitigkeiten aus den Maklervertr\u00e4gen mit uns<\/p>\n\n\n\n<p class=\"has-text-align-center\">ist ausschlie\u00dflich Alfeld (Leine) &#8211; Amtsgericht &#8211; bzw. Hildesheim &#8211; Landgericht &#8211; , soweit gesetzlich zul\u00e4ssig.<\/p>\n\n\n\n<p class=\"has-text-align-center has-text-color\" style=\"color:#0000ff\"><strong>_______<\/strong><\/p>\n\n\n\n<p class=\"has-text-align-center\">Die Inhalte und Werke auf dieser Website, insbesondere Texte, Fotografien und Grafiken,<\/p>\n\n\n\n<p class=\"has-text-align-center\">sind urheberrechtlich gesch\u00fctzt.<\/p>\n\n\n\n<p class=\"has-text-align-center\">Das Urheberrecht liegt, soweit nicht ausdr\u00fccklich anders gekennzeichnet, bei uns.<\/p>\n\n\n\n<p class=\"has-text-align-center\">Die Vervielf\u00e4ltigung, Bearbeitung, Verbreitung und Verwertung wird untersagt,<\/p>\n\n\n\n<p class=\"has-text-align-center\">es sei denn, es wurde eine schriftliche Zustimmung des Autors erteilt.<\/p>\n\n\n\n<p class=\"has-text-align-center\">Wer gegen das Urheberrecht verst\u00f6\u00dft (z. B. Bilder oder Texte unerlaubt kopiert),<\/p>\n\n\n\n<p class=\"has-text-align-center\">macht sich gem. \u00a7\u00a7 106 ff UrhG strafbar, wird zudem kostenpflichtig abgemahnt<\/p>\n\n\n\n<p class=\"has-text-align-center\">und muss Schadensersatz gem. \u00a7 97 UrhG leisten.<\/p>\n\n\n\n<p class=\"has-text-align-center\">Copyright \u00a9 2025<strong> LIVIU ANDREI-PLATON, LAP real estate<\/strong>, All Rights Reserved<\/p>\n\n\n\n<p class=\"has-text-align-center has-text-color\" style=\"color:#0000ff\">_______<\/p>\n","protected":false},"excerpt":{"rendered":"<p>IMPRESSUM &#8222;Dienstanbieter&#8220; i. S. d. \u00a7 5 Digitale-Dienste-Gesetz (DDG) ist: LIVIU ANDREI-PLATON LAP real estate Am Schillerplatz 10 31084 Freden (Leine) Deutschland Telefon: +49 178 4189722 Web: www.lap-real-estate.de E-Mail: Bitte klicken Sie&nbsp;hier. USt.-Id.Nr. gem. \u00a7 27 a UStG: DE291571262. _______ Die Berufsbezeichnung lautet: Immobilienmakler (IHK), verliehen durch IHK-Bildungszentrum Dresden gGmbH. _______ Auf unserer Website stellen [&hellip;]<\/p>\n","protected":false},"author":2,"featured_media":0,"parent":0,"menu_order":0,"comment_status":"closed","ping_status":"closed","template":"wp-custom-template-neu","meta":{"footnotes":""},"class_list":["post-75","page","type-page","status-publish","hentry"],"_links":{"self":[{"href":"https:\/\/lap-real-estate.de\/index.php?rest_route=\/wp\/v2\/pages\/75","targetHints":{"allow":["GET"]}}],"collection":[{"href":"https:\/\/lap-real-estate.de\/index.php?rest_route=\/wp\/v2\/pages"}],"about":[{"href":"https:\/\/lap-real-estate.de\/index.php?rest_route=\/wp\/v2\/types\/page"}],"author":[{"embeddable":true,"href":"https:\/\/lap-real-estate.de\/index.php?rest_route=\/wp\/v2\/users\/2"}],"replies":[{"embeddable":true,"href":"https:\/\/lap-real-estate.de\/index.php?rest_route=%2Fwp%2Fv2%2Fcomments&post=75"}],"version-history":[{"count":12,"href":"https:\/\/lap-real-estate.de\/index.php?rest_route=\/wp\/v2\/pages\/75\/revisions"}],"predecessor-version":[{"id":558,"href":"https:\/\/lap-real-estate.de\/index.php?rest_route=\/wp\/v2\/pages\/75\/revisions\/558"}],"wp:attachment":[{"href":"https:\/\/lap-real-estate.de\/index.php?rest_route=%2Fwp%2Fv2%2Fmedia&parent=75"}],"curies":[{"name":"wp","href":"https:\/\/api.w.org\/{rel}","templated":true}]}}