{"id":47,"date":"2022-09-16T16:16:49","date_gmt":"2022-09-16T16:16:49","guid":{"rendered":"https:\/\/lap-office.de\/?page_id=47"},"modified":"2022-10-02T10:28:41","modified_gmt":"2022-10-02T10:28:41","slug":"preise","status":"publish","type":"page","link":"https:\/\/lap-real-estate.de\/?page_id=47","title":{"rendered":"Preise"},"content":{"rendered":"\n<p class=\"has-text-align-center has-text-color has-x-large-font-size\" style=\"color:#0000ff\"><strong>PREISE<\/strong><\/p>\n\n\n\n<ol class=\"has-text-color wp-block-list\" style=\"color:#0000ff\"><li><strong>MAKLERPROVISION<\/strong><\/li><\/ol>\n\n\n\n<p class=\"has-text-align-center\">Die Maklerprovision wird f\u00fcr den Nachweis der Gelegenheit zum Abschluss oder f\u00fcr die Vermittlung von Miet- oder Kaufvertr\u00e4gen \u00fcber Immobilien gezahlt.<\/p>\n\n\n\n<p class=\"has-text-align-center\">Sie ist grds. verhandelbar, insbesondere wenn die Immobilie leicht und zu einem guten Preis bzw. schwer und zu einem niedrigen Preis ver\u00e4u\u00dferbar ist.<\/p>\n\n\n\n<p class=\"has-text-align-center\">Sie ist mit Abschluss des Vertrages, der infolge des Nachweises oder infolge unserer Vermittlung zustande kommt, d. h. mit Abschluss des Kauf- bzw. Mietvertrages, f\u00e4llig.<\/p>\n\n\n\n<p class=\"has-text-align-center\">Es ist uns erlaubt, sowohl f\u00fcr den K\u00e4ufer\/Mieter als auch f\u00fcr den Verk\u00e4ufer\/Vermieter gleichzeitig t\u00e4tig zu sein.<\/p>\n\n\n\n<p class=\"has-text-align-center has-text-color\" style=\"color:#0000ff\"><strong>F\u00fcr Einzelheiten kontaktieren Sie uns, bitte, unter den folgenden<\/strong><\/p>\n\n\n\n<p class=\"has-text-align-center\"><strong><u><a href=\"https:\/\/lap-real-estate.de\/?page_id=51\" data-type=\"page\" data-id=\"51\">Kontaktdaten<\/a><\/u>.<\/strong><\/p>\n\n\n\n<p class=\"has-text-align-center has-text-color\" style=\"color:#0000ff\"><strong>a) KAUFEN\/VERKAUFEN<\/strong><\/p>\n\n\n\n<p class=\"has-text-align-center\">Die Maklerprovision wird bei KaufenVerkaufen von Wohnungen und Einfamilienh\u00e4usern unter Beteiligung von Verbrauchern zu je 50 % von K\u00e4ufer und Verk\u00e4ufer getragen.<\/p>\n\n\n\n<p class=\"has-text-align-center\">Die H\u00f6he der Maklerprovision bei Kaufen\/Verkaufen von Wohnimmobilien betr\u00e4gt \u2013 je nach Bundesland \u2013 f\u00fcr den K\u00e4ufer und f\u00fcr den Verk\u00e4ufer jeweils zwischen 2 % und 3 % des Verkaufspreises des Immobilie zzgl. der gesetzlichen Umsatzsteuer.<\/p>\n\n\n\n<p class=\"has-text-align-center\">Bei Kaufen\/Verkaufen von Gewerbeimmobilien kann die Maklerprovision von Auftraggeber oder von Interessenten getragen werden.<\/p>\n\n\n\n<p class=\"has-text-align-center\">Die H\u00f6he der Maklerprovision bei Kaufen\/Verkaufen von Immobilien betr\u00e4gt \u2013 je nach Bundesland \u2013 f\u00fcr den K\u00e4ufer und f\u00fcr den Verk\u00e4ufer \u00fcblicherweise jeweils zwischen 3 % und 7 % des Verkaufspreises des Immobilie.<\/p>\n\n\n\n<p class=\"has-text-align-center has-text-color\" style=\"color:#0000ff\"><strong>b) MIETEN\/VERMIETEN<\/strong><\/p>\n\n\n\n<p class=\"has-text-align-center\">Die Maklerprovision wird bei Mieten\/Vermieten von Wohnimmobilien von dem Auftraggeber getragen.<\/p>\n\n\n\n<p class=\"has-text-align-center\">Die H\u00f6he der Maklerprovision bei Mieten von Wohnimmobilien betr\u00e4gt max. das 2,0-fache der monatlichen Nettokaltmieten zzgl. der gesetzlichen Umsatzsteuer.<\/p>\n\n\n\n<p class=\"has-text-align-center\">Die H\u00f6he der Maklerprovision bei Vermieten von Wohnimmobilien kann auch h\u00f6her als das 2,0-fache der monatlichen Nettokaltmieten zzgl. der gesetzlichen Umsatzsteuer betragen.<\/p>\n\n\n\n<p class=\"has-text-align-center\">Bei Mieten\/Vermieten von Gewerbeimmobilien kann die Maklerprovision von Auftraggeber oder von Interessenten getragen werden.<\/p>\n\n\n\n<p class=\"has-text-align-center\">Die H\u00f6he der Maklerprovision bei Mieten\/Vermieten von Gewerbeimmobilien kann \u2013 je nach Vertragslaufzeit des Mietvertrages \u2013 zwischen dem 2,5-fachen und das 5,0-fachen der monatlichen Nettokaltmieten zzgl. der gesetzlichen Umsatzsteuer betragen.<\/p>\n\n\n\n<ol start=\"2\" class=\"has-text-color wp-block-list\" style=\"color:#0000ff\"><li><strong>ZUS\u00c4TZLICHE AUFWENDUNGEN<\/strong><\/li><\/ol>\n\n\n\n<p class=\"has-text-align-center\">Zus\u00e4tzliche Aufwendungen sind nur dann zu ersetzen, wenn diese vereinbart worden sind. Dies gilt auch dann, wenn der Kauf- bzw. Mietvertrag infolge des Nachweises der Gelegenheit oder infolge der Vermittlung des Immobilienmaklers nicht zustande kommt. Der Ersatz zus\u00e4tzlicher Aufwendungen ist mit Eintritt der vertraglich vereinbarten F\u00e4lligkeitsbedingung bzw. sp\u00e4testens mit Beendigung des Maklervertrages f\u00e4llig.<\/p>\n\n\n\n<p class=\"has-text-align-center has-text-color\" style=\"color:#0000ff\"><strong>F\u00fcr Einzelheiten kontaktieren Sie uns, bitte, unter den folgenden<\/strong><\/p>\n\n\n\n<p class=\"has-text-align-center\"><strong><a href=\"https:\/\/lap-real-estate.de\/?page_id=51\">Kontaktdaten<\/a>.<\/strong><\/p>\n","protected":false},"excerpt":{"rendered":"<p>PREISE MAKLERPROVISION Die Maklerprovision wird f\u00fcr den Nachweis der Gelegenheit zum Abschluss oder f\u00fcr die Vermittlung von Miet- oder Kaufvertr\u00e4gen \u00fcber Immobilien gezahlt. Sie ist grds. verhandelbar, insbesondere wenn die Immobilie leicht und zu einem guten Preis bzw. schwer und zu einem niedrigen Preis ver\u00e4u\u00dferbar ist. Sie ist mit Abschluss des Vertrages, der infolge des [&hellip;]<\/p>\n","protected":false},"author":2,"featured_media":0,"parent":0,"menu_order":0,"comment_status":"closed","ping_status":"closed","template":"wp-custom-template-neu","meta":{"footnotes":""},"class_list":["post-47","page","type-page","status-publish","hentry"],"_links":{"self":[{"href":"https:\/\/lap-real-estate.de\/index.php?rest_route=\/wp\/v2\/pages\/47","targetHints":{"allow":["GET"]}}],"collection":[{"href":"https:\/\/lap-real-estate.de\/index.php?rest_route=\/wp\/v2\/pages"}],"about":[{"href":"https:\/\/lap-real-estate.de\/index.php?rest_route=\/wp\/v2\/types\/page"}],"author":[{"embeddable":true,"href":"https:\/\/lap-real-estate.de\/index.php?rest_route=\/wp\/v2\/users\/2"}],"replies":[{"embeddable":true,"href":"https:\/\/lap-real-estate.de\/index.php?rest_route=%2Fwp%2Fv2%2Fcomments&post=47"}],"version-history":[{"count":5,"href":"https:\/\/lap-real-estate.de\/index.php?rest_route=\/wp\/v2\/pages\/47\/revisions"}],"predecessor-version":[{"id":503,"href":"https:\/\/lap-real-estate.de\/index.php?rest_route=\/wp\/v2\/pages\/47\/revisions\/503"}],"wp:attachment":[{"href":"https:\/\/lap-real-estate.de\/index.php?rest_route=%2Fwp%2Fv2%2Fmedia&parent=47"}],"curies":[{"name":"wp","href":"https:\/\/api.w.org\/{rel}","templated":true}]}}