{"id":43,"date":"2022-09-16T16:15:46","date_gmt":"2022-09-16T16:15:46","guid":{"rendered":"https:\/\/lap-office.de\/?page_id=43"},"modified":"2022-09-24T18:00:59","modified_gmt":"2022-09-24T18:00:59","slug":"dienstleistungen","status":"publish","type":"page","link":"https:\/\/lap-real-estate.de\/?page_id=43","title":{"rendered":"Dienstleistungen"},"content":{"rendered":"\n<p class=\"has-text-align-center has-text-color has-x-large-font-size\" style=\"color:#0000ff\"><strong>DIENSTLEISTUNGEN<\/strong><\/p>\n\n\n\n<p class=\"has-text-align-center\">Unsere T\u00e4tigkeit als Immobilienmakler besteht in dem Nachweis der Gelegenheit zum Abschluss oder in der Vermittlung von Immobilienmietvertr\u00e4gen und von Immobilienkaufvertr\u00e4gen.<\/p>\n\n\n\n<p class=\"has-text-align-center\">Diese T\u00e4tigkeit unterteilt sich \u2013 je nach Auftrag \u2013 in die folgenden Etapen:<\/p>\n\n\n\n<ol class=\"has-text-color wp-block-list\" style=\"color:#0000ff\"><li><strong>VORBEREITUNG<\/strong><\/li><\/ol>\n\n\n\n<p class=\"has-text-align-center\">Die Vorbereitung umfasst:<\/p>\n\n\n\n<ul class=\"has-text-color wp-block-list\" style=\"color:#0000ff\"><li><strong>die Bestimmung der Rahmenbedingungen, z. B. Zeitraum, Art des Objektes, Preis des Objektes, Art der Objektpr\u00e4sentation etc.;<\/strong><\/li><li><strong>die Zusammenstellung der erforderlichen Unterlagen;<\/strong><\/li><li><strong>die Beratung bzgl. eventuell vorzunehmender Reparaturen bzw. empfehlenswerter, wertsteigender Bauma\u00dfnahmen;<\/strong><\/li><li><strong>die Immobilienbewertung<\/strong>.<\/li><\/ul>\n\n\n\n<ol start=\"2\" class=\"has-text-color wp-block-list\" style=\"color:#0000ff\"><li><strong>KAUFEN, VERKAUFEN, MIETEN ODER VERMIETEN<\/strong><\/li><\/ol>\n\n\n\n<p class=\"has-text-align-center\">Der Kauf, der Verkauf, das Mieten oder das Vermieten beziehen sich auf:<\/p>\n\n\n\n<ul class=\"has-text-color wp-block-list\" style=\"color:#0000ff\"><li><strong>die Suche nach geeigneten Objekten;<\/strong><\/li><li><strong>die Objektpr\u00e4sentation, z. B. durch Zeitungsanzeigen, Onlineanzeigen, virtuelle Besichtigungen etc.;<\/strong><\/li><li><strong>die Bearbeitung der Anfragen von Interessenten;<\/strong><\/li><li><strong>die Durchf\u00fchrung von Besichtigungsterminen;<\/strong><\/li><li><strong>die F\u00fchrung von Vertragsverhandlungen;<\/strong><\/li><li><strong>die \u00dcberpr\u00fcfung der Bonit\u00e4t des Interessenten;<\/strong><\/li><li><strong>die Berichterstattung \u00fcber die erzielten Fortschritten<\/strong>.<\/li><\/ul>\n\n\n\n<ol start=\"3\" class=\"has-text-color wp-block-list\" style=\"color:#0000ff\"><li><strong>ABSCHLUSS DES VERTRAGES<\/strong><\/li><\/ol>\n\n\n\n<p class=\"has-text-align-center\">Der Abschluss des Vertrages beinhaltet:<\/p>\n\n\n\n<ul class=\"has-text-color wp-block-list\" style=\"color:#0000ff\"><li><strong>die Information \u00fcber erforderliche Unterlagen f\u00fcr die Vertragsunterzeichnung;<\/strong><\/li><li><strong>die Begleitung zum Vertragsunterzeichnungstermin;<\/strong><\/li><li><strong>die \u00dcbernahme bzw. die \u00dcbergabe der Immobilie<\/strong>.<\/li><\/ul>\n","protected":false},"excerpt":{"rendered":"<p>DIENSTLEISTUNGEN Unsere T\u00e4tigkeit als Immobilienmakler besteht in dem Nachweis der Gelegenheit zum Abschluss oder in der Vermittlung von Immobilienmietvertr\u00e4gen und von Immobilienkaufvertr\u00e4gen. Diese T\u00e4tigkeit unterteilt sich \u2013 je nach Auftrag \u2013 in die folgenden Etapen: VORBEREITUNG Die Vorbereitung umfasst: die Bestimmung der Rahmenbedingungen, z. B. Zeitraum, Art des Objektes, Preis des Objektes, Art der Objektpr\u00e4sentation [&hellip;]<\/p>\n","protected":false},"author":2,"featured_media":0,"parent":0,"menu_order":0,"comment_status":"closed","ping_status":"closed","template":"wp-custom-template-neu","meta":{"footnotes":""},"class_list":["post-43","page","type-page","status-publish","hentry"],"_links":{"self":[{"href":"https:\/\/lap-real-estate.de\/index.php?rest_route=\/wp\/v2\/pages\/43","targetHints":{"allow":["GET"]}}],"collection":[{"href":"https:\/\/lap-real-estate.de\/index.php?rest_route=\/wp\/v2\/pages"}],"about":[{"href":"https:\/\/lap-real-estate.de\/index.php?rest_route=\/wp\/v2\/types\/page"}],"author":[{"embeddable":true,"href":"https:\/\/lap-real-estate.de\/index.php?rest_route=\/wp\/v2\/users\/2"}],"replies":[{"embeddable":true,"href":"https:\/\/lap-real-estate.de\/index.php?rest_route=%2Fwp%2Fv2%2Fcomments&post=43"}],"version-history":[{"count":1,"href":"https:\/\/lap-real-estate.de\/index.php?rest_route=\/wp\/v2\/pages\/43\/revisions"}],"predecessor-version":[{"id":468,"href":"https:\/\/lap-real-estate.de\/index.php?rest_route=\/wp\/v2\/pages\/43\/revisions\/468"}],"wp:attachment":[{"href":"https:\/\/lap-real-estate.de\/index.php?rest_route=%2Fwp%2Fv2%2Fmedia&parent=43"}],"curies":[{"name":"wp","href":"https:\/\/api.w.org\/{rel}","templated":true}]}}